{"id":23,"date":"2020-04-23T08:10:51","date_gmt":"2020-04-23T08:10:51","guid":{"rendered":"https:\/\/benjaminlallement.nogafa.org\/?page_id=23"},"modified":"2020-09-14T16:04:28","modified_gmt":"2020-09-14T16:04:28","slug":"old-stuff","status":"publish","type":"page","link":"https:\/\/benjaminlallement.nogafa.org\/index.php\/old-stuff\/","title":{"rendered":"Old stuff"},"content":{"rendered":"\n<p>Dans cette page, je vous parlerai de mes anciens groupes\/projets, et vous partagerai ainsi beaucoup de bons souvenirs avec quelques enregistrements plus ou moins anciens sympathiques \u00e0 (re)d\u00e9couvrir&#8230;<\/p>\n\n\n\n<p>Je vais ajouter \u00e7a tranquillement, petit \u00e0 petit. Comme ce sont de vielles choses que j&rsquo;ai gard\u00e9es au fond de mes tiroirs, qui y dorment pour certaines depuis de longues ann\u00e9es, il n&rsquo;y a pas urgence&#8230;<\/p>\n\n\n\n<p>Pour commencer, voici une des 1\u00e8res esquisses musicales que j&rsquo;ai faites. Pour la petite histoire, j&rsquo;ai enregistr\u00e9 \u00e0 l&rsquo;\u00e9poque un EP de 7 titres intitul\u00e9 esquisses. Ma compagne <a href=\"https:\/\/laurencedion.com\/\">Laurence Dion<\/a> a fait le diaporama que vous allez voir et que nous avons publi\u00e9 sur youtube, puis j&rsquo;ai eu un crash disque dur avant de sortir le cd&#8230; Cette esquisse n\u00b07 est donc la seule rescap\u00e9e de mes premi\u00e8res esquisses, bon visionnage et bonne \u00e9coute :<\/p>\n\n\n\n<figure class=\"wp-block-embed-youtube wp-block-embed is-type-video is-provider-youtube wp-embed-aspect-4-3 wp-has-aspect-ratio\"><div class=\"wp-block-embed__wrapper\">\n<iframe loading=\"lazy\" title=\"Trois fois neuf\" width=\"780\" height=\"585\" src=\"https:\/\/www.youtube.com\/embed\/CDT082Bx6lA?feature=oembed\" frameborder=\"0\" allow=\"accelerometer; autoplay; encrypted-media; gyroscope; picture-in-picture\" allowfullscreen><\/iframe>\n<\/div><\/figure>\n\n\n\n<p>Dans un style compl\u00e8tement diff\u00e9rent, j&rsquo;ai eu le grand plaisir d&rsquo;enregistrer un peu de violon pour \u00ab\u00a0<a href=\"https:\/\/www.facebook.com\/RJFOTSOGUIFO\/videos\/vb.1294155798\/10206583003915848\/?type=3&amp;hc_location=ufi\">l&rsquo;argent qui sort du mur<\/a>\u00ab\u00a0, chanson de l&rsquo;album <em><strong>14 Rue de Boigne<\/strong><\/em> de Ricky-James Fotso Guifo. Il est d&rsquo;ailleurs pr\u00e9vu qu&rsquo;il me pr\u00eate sa voix pour une chanson de mon prochain album \ud83d\ude42 Affaire \u00e0 suivre&#8230;<\/p>\n\n\n\n<p>J&rsquo;ai eu le plaisir de jouer pendant des ann\u00e9es au c\u00f4t\u00e9 de <a href=\"https:\/\/timoconnor.co.uk\/\">Tim O&rsquo; Connor<\/a> (lien vers son site internet), voici une petite vid\u00e9o de mise en bouche :<\/p>\n\n\n\n<figure class=\"wp-block-embed-youtube wp-block-embed is-type-video is-provider-youtube wp-embed-aspect-16-9 wp-has-aspect-ratio\"><div class=\"wp-block-embed__wrapper\">\n<iframe loading=\"lazy\" title=\"Tim O&#039;Connor band &quot;TV Grenoble&quot;\" width=\"780\" height=\"439\" src=\"https:\/\/www.youtube.com\/embed\/xHKUSQjSFs8?feature=oembed\" frameborder=\"0\" allow=\"accelerometer; autoplay; encrypted-media; gyroscope; picture-in-picture\" allowfullscreen><\/iframe>\n<\/div><\/figure>\n\n\n\n<p>Pour en d\u00e9couvrir plus sur nos collaborations, cliquez <a href=\"https:\/\/benjaminlallement.nogafa.org\/index.php\/tim-o-connor\/\">ici<\/a>.<\/p>\n\n\n\n<p>J&rsquo;ai jou\u00e9 longtemps en compagnie d&rsquo;Olivier Gachet (qui travaille aujourd&rsquo;hui pour <a href=\"http:\/\/www.gvaprostudios.ch\/\">gvaprostudio<\/a>), notamment au sein du groupe Zanzibar : beaucoup de concerts et d&rsquo;excellents souvenirs.<\/p>\n\n\n\n<div class=\"wp-block-image\"><figure class=\"aligncenter size-large\"><img loading=\"lazy\" decoding=\"async\" width=\"475\" height=\"713\" src=\"https:\/\/benjaminlallement.nogafa.org\/wp-content\/uploads\/2020\/09\/Redimensionnerrey-19-copie.jpg\" alt=\"\" class=\"wp-image-464\" srcset=\"https:\/\/benjaminlallement.nogafa.org\/wp-content\/uploads\/2020\/09\/Redimensionnerrey-19-copie.jpg 475w, https:\/\/benjaminlallement.nogafa.org\/wp-content\/uploads\/2020\/09\/Redimensionnerrey-19-copie-200x300.jpg 200w\" sizes=\"(max-width: 475px) 100vw, 475px\" \/><\/figure><\/div>\n\n\n\n<p>Voici deux extraits de notre derni\u00e8re maquette (qui commence \u00e0 dater&#8230;) :<\/p>\n\n\n\n<figure class=\"wp-block-audio aligncenter\"><audio controls src=\"https:\/\/benjaminlallement.nogafa.org\/wp-content\/uploads\/2020\/09\/tf-rec-2009-12-03-2.mp3\"><\/audio><figcaption><em>Zanzibar &#8211; Trottoirs fleuris<\/em><\/figcaption><\/figure>\n\n\n\n<figure class=\"wp-block-image size-large\"><img loading=\"lazy\" decoding=\"async\" width=\"662\" height=\"497\" src=\"https:\/\/benjaminlallement.nogafa.org\/wp-content\/uploads\/2020\/09\/rey-3.jpg\" alt=\"\" class=\"wp-image-463\" srcset=\"https:\/\/benjaminlallement.nogafa.org\/wp-content\/uploads\/2020\/09\/rey-3.jpg 662w, https:\/\/benjaminlallement.nogafa.org\/wp-content\/uploads\/2020\/09\/rey-3-300x225.jpg 300w\" sizes=\"(max-width: 662px) 100vw, 662px\" \/><\/figure>\n\n\n\n<figure class=\"wp-block-audio aligncenter\"><audio controls src=\"https:\/\/benjaminlallement.nogafa.org\/wp-content\/uploads\/2020\/09\/pp-rec-2009-12-03.mp3\"><\/audio><figcaption><em>Zanzibar &#8211; Premi\u00e8re pi\u00e8ce<\/em><\/figcaption><\/figure>\n\n\n\n<p>A suivre, il faut que je retrouve notamment des choses de Munga Nunga, d&rsquo;Almas, de Kadidja, de Lingham rose, que je mette en ligne mon 1er album solo&#8230;<\/p>\n","protected":false},"excerpt":{"rendered":"<p>Dans cette page, je vous parlerai de mes anciens groupes\/projets, et vous partagerai ainsi beaucoup de bons souvenirs avec quelques enregistrements plus ou moins anciens sympathiques \u00e0 (re)d\u00e9couvrir&#8230; Je vais ajouter \u00e7a tranquillement, petit \u00e0 petit. Comme ce sont de vielles choses que j&rsquo;ai gard\u00e9es au fond de mes tiroirs, qui y dorment pour certaines <a class=\"more-link\" href=\"https:\/\/benjaminlallement.nogafa.org\/index.php\/old-stuff\/\">Lire plus &#8230;<\/a><\/p>\n","protected":false},"author":1,"featured_media":0,"parent":0,"menu_order":0,"comment_status":"closed","ping_status":"closed","template":"","meta":{"footnotes":""},"_links":{"self":[{"href":"https:\/\/benjaminlallement.nogafa.org\/index.php\/wp-json\/wp\/v2\/pages\/23"}],"collection":[{"href":"https:\/\/benjaminlallement.nogafa.org\/index.php\/wp-json\/wp\/v2\/pages"}],"about":[{"href":"https:\/\/benjaminlallement.nogafa.org\/index.php\/wp-json\/wp\/v2\/types\/page"}],"author":[{"embeddable":true,"href":"https:\/\/benjaminlallement.nogafa.org\/index.php\/wp-json\/wp\/v2\/users\/1"}],"replies":[{"embeddable":true,"href":"https:\/\/benjaminlallement.nogafa.org\/index.php\/wp-json\/wp\/v2\/comments?post=23"}],"version-history":[{"count":26,"href":"https:\/\/benjaminlallement.nogafa.org\/index.php\/wp-json\/wp\/v2\/pages\/23\/revisions"}],"predecessor-version":[{"id":513,"href":"https:\/\/benjaminlallement.nogafa.org\/index.php\/wp-json\/wp\/v2\/pages\/23\/revisions\/513"}],"wp:attachment":[{"href":"https:\/\/benjaminlallement.nogafa.org\/index.php\/wp-json\/wp\/v2\/media?parent=23"}],"curies":[{"name":"wp","href":"https:\/\/api.w.org\/{rel}","templated":true}]}}