{"id":21,"date":"2020-04-23T08:10:35","date_gmt":"2020-04-23T08:10:35","guid":{"rendered":"https:\/\/benjaminlallement.nogafa.org\/?page_id=21"},"modified":"2022-02-09T09:01:45","modified_gmt":"2022-02-09T09:01:45","slug":"accueil","status":"publish","type":"page","link":"https:\/\/benjaminlallement.nogafa.org\/","title":{"rendered":"Qui suis-je ?"},"content":{"rendered":"\n<p>Musicien \u00e9clectique, enthousiaste et cr\u00e9atif, j&rsquo;ai fait ce site pour vous pr\u00e9senter mes projets <a href=\"https:\/\/benjaminlallement.nogafa.org\/index.php\/groupes\/\">actuels<\/a>, <a href=\"https:\/\/benjaminlallement.nogafa.org\/index.php\/groupes\/\">futurs<\/a> et <a href=\"https:\/\/benjaminlallement.nogafa.org\/index.php\/old-stuff\/\">pass\u00e9s<\/a> : les  <a href=\"https:\/\/benjaminlallement.nogafa.org\/index.php\/groupes\/\">groupes<\/a> dans lesquels je joue, mes <a href=\"https:\/\/benjaminlallement.nogafa.org\/index.php\/spectacles\/\">spectacles<\/a>, mes <a href=\"https:\/\/benjaminlallement.nogafa.org\/index.php\/composition\/\">compositions<\/a>, bref vous faire d\u00e9couvrir mon travail sous toutes ses formes&#8230; <\/p>\n\n\n\n<p><strong><a href=\"https:\/\/benjaminlallement.nogafa.org\/index.php\/groupes\/\">Violoniste<\/a><\/strong> : le violon est mon tout premier instrument, celui que j&rsquo;ai choisi entre tous car il me faisait vibrer, plus encore que les autres&#8230;<\/p>\n\n\n\n<p><strong><a href=\"https:\/\/benjaminlallement.nogafa.org\/index.php\/composition\/\">Compositeur<\/a><\/strong> : la cr\u00e9ation est une des choses que je pr\u00e9f\u00e8re dans la musique. Je ne suis que  tr\u00e8s rarement un simple interpr\u00e8te ; m\u00eame dans les groupes dont je ne suis pas le leader, j&rsquo;ai toujours une part cr\u00e9ative, dans les arrangements et les lignes m\u00e9lodiques que je joue par exemple.<\/p>\n\n\n\n<p><strong><a href=\"https:\/\/benjaminlallement.nogafa.org\/index.php\/groupes\/\">Eclectique<\/a><\/strong> :<strong> j&rsquo;aime la diversit\u00e9, le m\u00e9lange<\/strong>, j&rsquo;ai du mal \u00e0 me limiter \u00e0 un style car tous les styles musicaux ont pour moi leur int\u00e9r\u00eat. Comment ? Il ne faut pas m\u00e9langer le sucr\u00e9 et le sal\u00e9 ? Chut, fermez les yeux et \u00e9coutez&#8230; C&rsquo;est magique ce m\u00e9lange, non ?<\/p>\n\n\n\n<p>Les photos du site, sauf mentions contraires, sont de <a href=\"https:\/\/www.facebook.com\/Reynald-Reyland-photographe-120492054709003\/\">Reynald Reyland<\/a>.<\/p>\n\n\n\n<p>J&rsquo;ai fait une page aussi pour vous pr\u00e9senter mes autres <a href=\"https:\/\/benjaminlallement.nogafa.org\/index.php\/amis\/\">amis<\/a> (groupes, compagnies, photo, vid\u00e9o, rec, production).<\/p>\n","protected":false},"excerpt":{"rendered":"<p>Musicien \u00e9clectique, enthousiaste et cr\u00e9atif, j&rsquo;ai fait ce site pour vous pr\u00e9senter mes projets actuels, futurs et pass\u00e9s : les groupes dans lesquels je joue, mes spectacles, mes compositions, bref vous faire d\u00e9couvrir mon travail sous toutes ses formes&#8230; Violoniste : le violon est mon tout premier instrument, celui que j&rsquo;ai choisi entre tous car <a class=\"more-link\" href=\"https:\/\/benjaminlallement.nogafa.org\/\">Lire plus &#8230;<\/a><\/p>\n","protected":false},"author":1,"featured_media":35,"parent":0,"menu_order":0,"comment_status":"closed","ping_status":"closed","template":"","meta":{"footnotes":""},"_links":{"self":[{"href":"https:\/\/benjaminlallement.nogafa.org\/index.php\/wp-json\/wp\/v2\/pages\/21"}],"collection":[{"href":"https:\/\/benjaminlallement.nogafa.org\/index.php\/wp-json\/wp\/v2\/pages"}],"about":[{"href":"https:\/\/benjaminlallement.nogafa.org\/index.php\/wp-json\/wp\/v2\/types\/page"}],"author":[{"embeddable":true,"href":"https:\/\/benjaminlallement.nogafa.org\/index.php\/wp-json\/wp\/v2\/users\/1"}],"replies":[{"embeddable":true,"href":"https:\/\/benjaminlallement.nogafa.org\/index.php\/wp-json\/wp\/v2\/comments?post=21"}],"version-history":[{"count":24,"href":"https:\/\/benjaminlallement.nogafa.org\/index.php\/wp-json\/wp\/v2\/pages\/21\/revisions"}],"predecessor-version":[{"id":590,"href":"https:\/\/benjaminlallement.nogafa.org\/index.php\/wp-json\/wp\/v2\/pages\/21\/revisions\/590"}],"wp:featuredmedia":[{"embeddable":true,"href":"https:\/\/benjaminlallement.nogafa.org\/index.php\/wp-json\/wp\/v2\/media\/35"}],"wp:attachment":[{"href":"https:\/\/benjaminlallement.nogafa.org\/index.php\/wp-json\/wp\/v2\/media?parent=21"}],"curies":[{"name":"wp","href":"https:\/\/api.w.org\/{rel}","templated":true}]}}