{"id":19,"date":"2020-04-23T08:10:17","date_gmt":"2020-04-23T08:10:17","guid":{"rendered":"https:\/\/benjaminlallement.nogafa.org\/?page_id=19"},"modified":"2020-09-03T15:38:59","modified_gmt":"2020-09-03T15:38:59","slug":"high-sea-looters","status":"publish","type":"page","link":"https:\/\/benjaminlallement.nogafa.org\/index.php\/high-sea-looters\/","title":{"rendered":"High Sea Looters"},"content":{"rendered":"\n<p><a href=\"https:\/\/highsealooters.bandcamp.com\/\">High Sea Looters<\/a> est un groupe de <strong>Celtic Punk <\/strong>: le punk de pirates qui ont tellement navigu\u00e9 entre les c\u00f4tes <strong>bretonnes et irlandaises<\/strong> qu&rsquo;ils ne sortent jamais leurs <strong>guitares \u00e9lectriques<\/strong> sans <strong>accord\u00e9on et violon<\/strong>&#8230; Le groupe r\u00e9unit des musicien-ne-s de Gen\u00eave, Lausanne et Chamb\u00e9ry. N&rsquo;h\u00e9sitez pas \u00e0 aller \u00e9couter le <a href=\"https:\/\/highsealooters.bandcamp.com\/\">dernier EP<\/a>.<\/p>\n\n\n\n<p>Photo : <a href=\"https:\/\/www.facebook.com\/DenisCharmotPhotos\/\">Denis Charmot<\/a>.<\/p>\n\n\n\n<p class=\"has-text-align-center has-medium-font-size\">Pour conna\u00eetre les conditions d&rsquo;accueil financi\u00e8res et techniques :<\/p>\n\n\n\n<p class=\"has-text-align-center has-large-font-size\"><a href=\"https:\/\/benjaminlallement.nogafa.org\/index.php\/contact-pro\/\"><strong>cliquez ici \ud83d\ude09<\/strong><\/a><\/p>\n\n\n\n<figure class=\"wp-block-embed-youtube wp-block-embed is-type-video is-provider-youtube wp-embed-aspect-16-9 wp-has-aspect-ratio\"><div class=\"wp-block-embed__wrapper\">\n<iframe loading=\"lazy\" title=\"High Sea Looters - The Beginning\" width=\"780\" height=\"439\" src=\"https:\/\/www.youtube.com\/embed\/r48Q6svHMDI?feature=oembed\" frameborder=\"0\" allow=\"accelerometer; autoplay; encrypted-media; gyroscope; picture-in-picture\" allowfullscreen><\/iframe>\n<\/div><\/figure>\n\n\n\n<p><\/p>\n","protected":false},"excerpt":{"rendered":"<p>High Sea Looters est un groupe de Celtic Punk : le punk de pirates qui ont tellement navigu\u00e9 entre les c\u00f4tes bretonnes et irlandaises qu&rsquo;ils ne sortent jamais leurs guitares \u00e9lectriques sans accord\u00e9on et violon&#8230; Le groupe r\u00e9unit des musicien-ne-s de Gen\u00eave, Lausanne et Chamb\u00e9ry. N&rsquo;h\u00e9sitez pas \u00e0 aller \u00e9couter le dernier EP. Photo : <a class=\"more-link\" href=\"https:\/\/benjaminlallement.nogafa.org\/index.php\/high-sea-looters\/\">Lire plus &#8230;<\/a><\/p>\n","protected":false},"author":1,"featured_media":51,"parent":0,"menu_order":0,"comment_status":"closed","ping_status":"closed","template":"","meta":{"footnotes":""},"_links":{"self":[{"href":"https:\/\/benjaminlallement.nogafa.org\/index.php\/wp-json\/wp\/v2\/pages\/19"}],"collection":[{"href":"https:\/\/benjaminlallement.nogafa.org\/index.php\/wp-json\/wp\/v2\/pages"}],"about":[{"href":"https:\/\/benjaminlallement.nogafa.org\/index.php\/wp-json\/wp\/v2\/types\/page"}],"author":[{"embeddable":true,"href":"https:\/\/benjaminlallement.nogafa.org\/index.php\/wp-json\/wp\/v2\/users\/1"}],"replies":[{"embeddable":true,"href":"https:\/\/benjaminlallement.nogafa.org\/index.php\/wp-json\/wp\/v2\/comments?post=19"}],"version-history":[{"count":7,"href":"https:\/\/benjaminlallement.nogafa.org\/index.php\/wp-json\/wp\/v2\/pages\/19\/revisions"}],"predecessor-version":[{"id":438,"href":"https:\/\/benjaminlallement.nogafa.org\/index.php\/wp-json\/wp\/v2\/pages\/19\/revisions\/438"}],"wp:featuredmedia":[{"embeddable":true,"href":"https:\/\/benjaminlallement.nogafa.org\/index.php\/wp-json\/wp\/v2\/media\/51"}],"wp:attachment":[{"href":"https:\/\/benjaminlallement.nogafa.org\/index.php\/wp-json\/wp\/v2\/media?parent=19"}],"curies":[{"name":"wp","href":"https:\/\/api.w.org\/{rel}","templated":true}]}}