{"id":146,"date":"2020-04-23T13:39:33","date_gmt":"2020-04-23T13:39:33","guid":{"rendered":"https:\/\/benjaminlallement.nogafa.org\/?page_id=146"},"modified":"2020-04-24T06:08:27","modified_gmt":"2020-04-24T06:08:27","slug":"spectacles","status":"publish","type":"page","link":"https:\/\/benjaminlallement.nogafa.org\/index.php\/spectacles\/","title":{"rendered":"spectacles"},"content":{"rendered":"\n<p>Je joue r\u00e9guli\u00e8rement avec des compagnies de th\u00e9\u00e2tre, mais pas en ce moment, donc pas vraiment de spectacles \u00e0 vous pr\u00e9senter&#8230;<\/p>\n\n\n\n<p>Ceci dit mes <a href=\"https:\/\/benjaminlallement.nogafa.org\/index.php\/esquisses-musicales\/\">Esquisses musicales<\/a> sont \u00e0 la fois spectacle et concert, <a href=\"https:\/\/benjaminlallement.nogafa.org\/index.php\/sample-page\/\">Bal de poche<\/a> est \u00e9galement bien plus qu&rsquo;un simple concert. Mais en fait tout bon concert est un spectacle, je vous invite donc \u00e0 d\u00e9couvrir chacun de mes <a href=\"https:\/\/benjaminlallement.nogafa.org\/index.php\/groupes\/\">groupes<\/a>.<\/p>\n","protected":false},"excerpt":{"rendered":"<p>Je joue r\u00e9guli\u00e8rement avec des compagnies de th\u00e9\u00e2tre, mais pas en ce moment, donc pas vraiment de spectacles \u00e0 vous pr\u00e9senter&#8230; Ceci dit mes Esquisses musicales sont \u00e0 la fois spectacle et concert, Bal de poche est \u00e9galement bien plus qu&rsquo;un simple concert. Mais en fait tout bon concert est un spectacle, je vous invite <a class=\"more-link\" href=\"https:\/\/benjaminlallement.nogafa.org\/index.php\/spectacles\/\">Lire plus &#8230;<\/a><\/p>\n","protected":false},"author":1,"featured_media":0,"parent":0,"menu_order":0,"comment_status":"closed","ping_status":"closed","template":"","meta":{"footnotes":""},"_links":{"self":[{"href":"https:\/\/benjaminlallement.nogafa.org\/index.php\/wp-json\/wp\/v2\/pages\/146"}],"collection":[{"href":"https:\/\/benjaminlallement.nogafa.org\/index.php\/wp-json\/wp\/v2\/pages"}],"about":[{"href":"https:\/\/benjaminlallement.nogafa.org\/index.php\/wp-json\/wp\/v2\/types\/page"}],"author":[{"embeddable":true,"href":"https:\/\/benjaminlallement.nogafa.org\/index.php\/wp-json\/wp\/v2\/users\/1"}],"replies":[{"embeddable":true,"href":"https:\/\/benjaminlallement.nogafa.org\/index.php\/wp-json\/wp\/v2\/comments?post=146"}],"version-history":[{"count":3,"href":"https:\/\/benjaminlallement.nogafa.org\/index.php\/wp-json\/wp\/v2\/pages\/146\/revisions"}],"predecessor-version":[{"id":211,"href":"https:\/\/benjaminlallement.nogafa.org\/index.php\/wp-json\/wp\/v2\/pages\/146\/revisions\/211"}],"wp:attachment":[{"href":"https:\/\/benjaminlallement.nogafa.org\/index.php\/wp-json\/wp\/v2\/media?parent=146"}],"curies":[{"name":"wp","href":"https:\/\/api.w.org\/{rel}","templated":true}]}}